{"id":84,"date":"2024-10-23T19:44:02","date_gmt":"2024-10-23T19:44:02","guid":{"rendered":"https:\/\/universodopoker.com.br\/?page_id=84"},"modified":"2024-10-23T19:48:00","modified_gmt":"2024-10-23T19:48:00","slug":"estagio-inicial-pre-flop","status":"publish","type":"page","link":"https:\/\/universodopoker.com.br\/index.php\/estagio-inicial-pre-flop\/","title":{"rendered":"Est\u00e1gio Inicial \u2013 Pr\u00e9-flop"},"content":{"rendered":"\n<p>A fase inicial de um torneio \u00e9 muito semelhante a um jogo a dinheiro. Os stacks ainda s\u00e3o muito grandes em rela\u00e7\u00e3o aos blinds. A principal diferen\u00e7a em rela\u00e7\u00e3o a um jogo a dinheiro \u00e9 que normalmente n\u00e3o podemos fazer re-buy num torneio. Por esta raz\u00e3o, nos torneios \u00e9 muito mais importante n\u00e3o perder todas as nossas fichas numa \u00fanica m\u00e3o, porque isso significaria a elimina\u00e7\u00e3o do torneio.<\/p>\n\n\n\n<figure class=\"wp-block-image\"><img decoding=\"async\" src=\"https:\/\/pokerstarslearn.com\/wp-content\/uploads\/2020\/11\/Players-Party-The-Royal-Deck-2019-448-scaled-1.jpg\" alt=\"\"\/><\/figure>\n\n\n\n<p><strong>Estilo de jogo: tight \u00e9 o certo (Conservador)<\/strong><br><br><strong>Muitos jogadores inexperientes pensam que podem jogar m\u00e3os mesmo marginais na fase inicial de um torneio, uma vez que as blinds ainda est\u00e3o muito baixas e podem ver o flop de forma barata. Essa forma de pensar est\u00e1 errada!<\/strong> Na verdade, o oposto est\u00e1 correto. H\u00e1 pouca ou nenhuma raz\u00e3o para jogar m\u00e3os marginais, justamente porque os blinds ainda s\u00e3o pequenos em rela\u00e7\u00e3o aos stacks. Jogamos esta fase de forma extremamente tight, ou seja, apenas jogamos as nossas boas m\u00e3os, explorando assim o estilo loose dos nossos advers\u00e1rios.<br><br><strong>Quando estamos em posi\u00e7\u00e3o inicial na mesa, devemos tentar jogar apenas m\u00e3os premium como JJ, QQ, KK, AA e AK.<\/strong> Se nos concentrarmos nestas m\u00e3os, muitas vezes seremos capazes de eliminar um ou dois maus jogadores do torneio, simplesmente por termos a melhor m\u00e3o. Em posi\u00e7\u00f5es posteriores tamb\u00e9m podemos jogar pares menores e conectores do mesmo naipe, como 7\u2665 6\u2665 .<br><br><strong>Um erro comum \u00e9 jogar cartas que s\u00e3o facilmente dominadas contra aumentos em posi\u00e7\u00f5es iniciais.<\/strong> Isto ocorre mais frequentemente com m\u00e3os como AQ, KQ e AJ. Estas m\u00e3os s\u00e3o fracas quando as jogamos contra m\u00e3os que normalmente s\u00e3o aumentadas em posi\u00e7\u00e3o inicial (EP).<\/p>\n\n\n\n<p><strong>O jogo tight geralmente tem dois objetivos:<\/strong><br><br><strong>1) Entre no pote como favorito e ganhe as fichas dos nossos oponentes.<\/strong> Uma boa selec\u00e7\u00e3o de m\u00e3os iniciais torna as nossas decis\u00f5es em rondas posteriores de apostas consideravelmente mais f\u00e1ceis.<\/p>\n\n\n\n<p><strong>2) Crie uma imagem adequada para as fases posteriores do torneio.<\/strong> Jogar tight desde o in\u00edcio significa que quando as blinds estiverem mais altas, teremos a imagem de uma \u201cpedra\u201d que joga apenas as m\u00e3os realmente boas, o que nos permitir\u00e1 jogar um roubo ou um bluff.<\/p>\n\n\n\n<p>H\u00e1 um problema com esta forma de jogar: quando recebemos boas m\u00e3os, muitas vezes obtemos menos a\u00e7\u00e3o dos nossos advers\u00e1rios. Se um jogador desiste e aumenta continuamente apenas uma vez a cada vinte m\u00e3os, mesmo o oponente mais desatento ficar\u00e1 desconfiado e desistir\u00e1 das m\u00e3os fracas que normalmente teria resistido a desistir contra outros jogadores.<\/p>\n\n\n\n<p>Embora este tipo de jogo seja geralmente recomendado, ele apresenta uma desvantagem adicional para jogadores bons e muito bons. Eles poderiam fazer algo com m\u00e3os mais fracas, como pares menores (por exemplo, 4\u2666 4\u2663) ou cartas altas da Broadway (por exemplo, A\u2660 Q\u2660).\n\nO tipo ideal de jogo inclui, portanto, jogar algumas m\u00e3os \u2013 m\u00e3os pequenas da Broadway e conectores do mesmo naipe \u2013 em posi\u00e7\u00f5es finais que n\u00e3o s\u00e3o t\u00e3o fortes, mas que, no entanto, t\u00eam potencial.<\/p>\n\n\n\n<p><strong>Pares Pequenos<\/strong><\/p>\n\n\n\n<p>Pocket pairs de 22 a 99 podem arrecadar um n\u00famero respeit\u00e1vel de fichas assim que se tornarem um set. Por\u00e9m, se n\u00e3o acertarmos um set, essas m\u00e3os n\u00e3o valem nada. Com cartas como estas tentamos ver o flop barato e torcemos por um set. \u201cBarato\u201d significa que ou damos limp se estivermos em posi\u00e7\u00e3o intermedi\u00e1ria ou final ou se formos um dos blinds, ou at\u00e9 mesmo pagamos um aumento at\u00e9 um m\u00e1ximo de um d\u00e9cimo de nosso stack se estivermos em posi\u00e7\u00e3o final. <strong>Nas posi\u00e7\u00f5es iniciais sempre desistimos porque, fora de posi\u00e7\u00e3o e pr\u00e9-flop, pares pequenos s\u00e3o fracos demais para resistir a um poss\u00edvel aumento.<\/strong><\/p>\n\n\n\n<p><strong>Pares Altos<\/strong><\/p>\n\n\n\n<p>Pocket pairs de TT a AA devem sempre ser aumentados pr\u00e9-flop, n\u00e3o apenas porque podem nos render muito dinheiro, mas tamb\u00e9m porque precisam ser protegidos por um aumento para que nossos oponentes n\u00e3o consigam melhorar suas m\u00e3os de forma barata.\n\nSe os jogadores antes ou depois de n\u00f3s aumentarem mais de uma vez, ent\u00e3o podemos desistir de m\u00e3os como TT e JJ, e mesmo que haja apenas um \u00fanico aumento depois do nosso, devemos considerar desistir desta m\u00e3o e esperar por uma oportunidade melhor. No entanto, esta decis\u00e3o depende muito do advers\u00e1rio.<\/p>\n\n\n\n<p><strong>Grandes Cartas<\/strong><\/p>\n\n\n\n<p>AK e AQ tamb\u00e9m s\u00e3o m\u00e3os fortes, semelhantes a pares altos, e devem ser jogadas de forma semelhante pr\u00e9-flop \u2013 AK como ases e reis, e AQ como um par de dez, por exemplo.<\/p>\n\n\n\n<p><strong>Pequenas Cartas<\/strong><\/p>\n\n\n\n<p>Cartas pequenas da Broadway, como AT, KJ, QT, JT, devem ser jogadas com extremo cuidado nesta fase do torneio.\n\nA primeira regra \u00e9: se as cartas pequenas da Broadway n\u00e3o forem do mesmo naipe, ou se j\u00e1 houve um aumento, ent\u00e3o desista! Uma exce\u00e7\u00e3o seria a situa\u00e7\u00e3o em que estamos em posi\u00e7\u00e3o final com seis jogadores \u00e0 nossa frente que apenas pagaram a big blind ou pagaram um raise m\u00ednimo: ent\u00e3o, naturalmente, tamb\u00e9m poder\u00edamos jogar. O grande problema com estas m\u00e3os \u00e9 que muitas vezes s\u00e3o dominadas por m\u00e3os melhores.\n\nPor exemplo, K\u2666 Jd] ou K\u2663 Q\u2663 raramente vencer\u00e3o m\u00e3os como A\u2660 J\u2665 ou A\u2663 Q\u2666 . Com m\u00e3os pequenas da Broadway, queremos principalmente acertar monstros como sequ\u00eancias ou flushes, e \u00e9 por isso que \u00e9 importante ver o flop barato com essas m\u00e3os. Se acertarmos apenas um par fraco ou n\u00e3o acertarmos, podemos desistir rapidamente.<\/p>\n\n\n\n<p><strong>Cartas do mesmo Naipe<\/strong><\/p>\n\n\n\n<p>M\u00e3os como 6\u2665 7\u2665 , ou mesmo J\u2660 9\u2660 , podem ser jogadas de forma semelhante a pares pequenos. Obviamente estamos especulando sobre um flush ou uma sequ\u00eancia aqui.<\/p>\n\n\n\n<p><strong>Outras M\u00e3os Iniciais<\/strong><\/p>\n\n\n\n<p>Todas as m\u00e3os iniciais n\u00e3o listadas acima s\u00e3o descartadas, sem exce\u00e7\u00e3o.<\/p>\n\n\n\n<p><strong>Roubando os Blinds<\/strong><\/p>\n\n\n\n<p>Na fase inicial de um torneio, os blinds n\u00e3o t\u00eam import\u00e2ncia, pois s\u00e3o muito pequenos em rela\u00e7\u00e3o ao nosso stack. Na fase inicial de um torneio normal do PokerStars temos um stack de 1.500 fichas e os blinds s\u00e3o 10\/20. Em outras palavras, temos 75BBs, e vencer os blinds aumenta nosso stack em apenas 2%. E isso deve ser visto em conjunto com o risco de perder muitas fichas se errarmos.\n\nPor esta raz\u00e3o, devemos deixar de roubar os blinds com m\u00e3os fracas e marginais na fase inicial de um torneio. No entanto, isso n\u00e3o significa que n\u00e3o devemos atacar os blinds quando temos m\u00e3os mais fortes, como pares, ases com kickers fortes e conectores do mesmo naipe.<\/p>\n","protected":false},"excerpt":{"rendered":"<p>A fase inicial de um torneio \u00e9 muito semelhante a um jogo a dinheiro. Os&#8230;<\/p>\n","protected":false},"author":1,"featured_media":0,"parent":0,"menu_order":0,"comment_status":"closed","ping_status":"closed","template":"","meta":{"footnotes":""},"class_list":["post-84","page","type-page","status-publish","hentry"],"aioseo_notices":[],"_links":{"self":[{"href":"https:\/\/universodopoker.com.br\/index.php\/wp-json\/wp\/v2\/pages\/84","targetHints":{"allow":["GET"]}}],"collection":[{"href":"https:\/\/universodopoker.com.br\/index.php\/wp-json\/wp\/v2\/pages"}],"about":[{"href":"https:\/\/universodopoker.com.br\/index.php\/wp-json\/wp\/v2\/types\/page"}],"author":[{"embeddable":true,"href":"https:\/\/universodopoker.com.br\/index.php\/wp-json\/wp\/v2\/users\/1"}],"replies":[{"embeddable":true,"href":"https:\/\/universodopoker.com.br\/index.php\/wp-json\/wp\/v2\/comments?post=84"}],"version-history":[{"count":2,"href":"https:\/\/universodopoker.com.br\/index.php\/wp-json\/wp\/v2\/pages\/84\/revisions"}],"predecessor-version":[{"id":88,"href":"https:\/\/universodopoker.com.br\/index.php\/wp-json\/wp\/v2\/pages\/84\/revisions\/88"}],"wp:attachment":[{"href":"https:\/\/universodopoker.com.br\/index.php\/wp-json\/wp\/v2\/media?parent=84"}],"curies":[{"name":"wp","href":"https:\/\/api.w.org\/{rel}","templated":true}]}}