{"id":54,"date":"2024-10-21T16:10:52","date_gmt":"2024-10-21T16:10:52","guid":{"rendered":"https:\/\/universodopoker.com.br\/?page_id=54"},"modified":"2024-10-21T16:10:53","modified_gmt":"2024-10-21T16:10:53","slug":"oliver-weis-continua-ano-marcante-com-vitoria-no-evento-principal-do-ept-chipre-us-1-03000","status":"publish","type":"page","link":"https:\/\/universodopoker.com.br\/index.php\/oliver-weis-continua-ano-marcante-com-vitoria-no-evento-principal-do-ept-chipre-us-1-03000\/","title":{"rendered":"Oliver Weis continua ano marcante com vit\u00f3ria no evento principal do EPT Chipre (US$ 1.030,00)"},"content":{"rendered":"\n<p id=\"tw-target-text\"><\/p>\n\n\n\n<figure class=\"wp-block-image\"><img decoding=\"async\" src=\"https:\/\/s.pnimg.net\/7x2UnjxfOs-ZvLJSvKfH5iMccvl77TQuzNCjbGlBkVo\/pr:reporting-leading-desktop\/aHR0cHM6Ly9wbmlt\/Zy5uZXQvbHJlcC8y\/MTY2LzIxL3hiMTA4\/ZjIyNzgyLmpwZw.webp\" alt=\"Oliver Weis\"\/><\/figure>\n\n\n\n<pre id=\"tw-target-text\" class=\"wp-block-preformatted\" style=\"font-size:18px;font-style:normal;font-weight:200\">No mundo do p\u00f4quer, onde a supersti\u00e7\u00e3o \u00e9 abundante e o ditado \u201cas coisas ruins v\u00eam em grupos de tr\u00eas\u201d costuma ser verdade, Oliver Weis se destaca como uma exce\u00e7\u00e3o.\n\nO jogador alem\u00e3o, conhecido como \"sk2ll_m0dR\" e um grande vencedor nos c\u00edrculos de p\u00f4quer online, come\u00e7ou um impressionante 2024 com uma vit\u00f3ria no High Roller de \u20ac10.300 no EPT Paris, seguida por uma conquista de um bracelete online no $5.000 Short Deck Championship. Agora, Weis adicionou um terceiro t\u00edtulo importante \u00e0 sua lista crescente de conquistas, conquistando o pr\u00eamio de vencedor no Evento Principal do PokerStars European Poker Tour Cyprus de 2024, depois de apresentar um desempenho estelar ao longo da semana.\n\nCom uma grande pilha durante grande parte do principal torneio do EPT Chipre, Weis entrou no \u00faltimo dia como o chip leader esmagador. No entanto, as coisas n\u00e3o foram f\u00e1ceis para o eventual campe\u00e3o, que teve de recuperar de uma desvantagem de 5:1 em fichas no heads-up para superar Georgios Tsouloftas, local de Limmosal. No final, Weis garantiu o trof\u00e9u Golden Shard e um pr\u00eamio de vencedor de US$ 1.030.000, aumentando os ganhos dos torneios ao vivo deste ano para impressionantes US$ 2,6 milh\u00f5es.\n\nTsouloftas, que terminou como vice-campe\u00e3o, arrecadou $ 642.300, mas perdeu sua segunda vit\u00f3ria no Merit Royal Diamond Hotel Casino and Spa. Apesar do rev\u00e9s, Tsouloftas saltou para o terceiro lugar na Lista de Dinheiro de Todos os Tempos do Chipre. Mikhail Shalamov (3\u00ba - $459.000) completou o p\u00f3dio antes das partidas de Andriy Lyubovetskiy (4\u00ba - $353.100), Bobby James (5\u00ba - $271.400) e Anton Wigg (6\u00ba - $208.720) no \u00faltimo dia do EPT Chipre.<\/pre>\n","protected":false},"excerpt":{"rendered":"<p>No mundo do p\u00f4quer, onde a supersti\u00e7\u00e3o \u00e9 abundante e o ditado \u201cas coisas ruins&#8230;<\/p>\n","protected":false},"author":1,"featured_media":0,"parent":0,"menu_order":0,"comment_status":"closed","ping_status":"closed","template":"","meta":{"footnotes":""},"class_list":["post-54","page","type-page","status-publish","hentry"],"aioseo_notices":[],"_links":{"self":[{"href":"https:\/\/universodopoker.com.br\/index.php\/wp-json\/wp\/v2\/pages\/54","targetHints":{"allow":["GET"]}}],"collection":[{"href":"https:\/\/universodopoker.com.br\/index.php\/wp-json\/wp\/v2\/pages"}],"about":[{"href":"https:\/\/universodopoker.com.br\/index.php\/wp-json\/wp\/v2\/types\/page"}],"author":[{"embeddable":true,"href":"https:\/\/universodopoker.com.br\/index.php\/wp-json\/wp\/v2\/users\/1"}],"replies":[{"embeddable":true,"href":"https:\/\/universodopoker.com.br\/index.php\/wp-json\/wp\/v2\/comments?post=54"}],"version-history":[{"count":1,"href":"https:\/\/universodopoker.com.br\/index.php\/wp-json\/wp\/v2\/pages\/54\/revisions"}],"predecessor-version":[{"id":55,"href":"https:\/\/universodopoker.com.br\/index.php\/wp-json\/wp\/v2\/pages\/54\/revisions\/55"}],"wp:attachment":[{"href":"https:\/\/universodopoker.com.br\/index.php\/wp-json\/wp\/v2\/media?parent=54"}],"curies":[{"name":"wp","href":"https:\/\/api.w.org\/{rel}","templated":true}]}}