{"id":44,"date":"2024-10-19T14:59:15","date_gmt":"2024-10-19T14:59:15","guid":{"rendered":"https:\/\/universodopoker.com.br\/?page_id=44"},"modified":"2024-10-19T14:59:16","modified_gmt":"2024-10-19T14:59:16","slug":"ept-european-poker-tour-chipre","status":"publish","type":"page","link":"https:\/\/universodopoker.com.br\/index.php\/ept-european-poker-tour-chipre\/","title":{"rendered":"EPT &#8211; European Poker Tour &#8211; Chipre"},"content":{"rendered":"\n<figure class=\"wp-block-image size-large\"><img fetchpriority=\"high\" decoding=\"async\" width=\"1024\" height=\"225\" src=\"https:\/\/universodopoker.com.br\/wp-content\/uploads\/2024\/10\/ept-chipre-1024x225.jpg\" alt=\"\" class=\"wp-image-45\" srcset=\"https:\/\/universodopoker.com.br\/wp-content\/uploads\/2024\/10\/ept-chipre-1024x225.jpg 1024w, https:\/\/universodopoker.com.br\/wp-content\/uploads\/2024\/10\/ept-chipre-300x66.jpg 300w, https:\/\/universodopoker.com.br\/wp-content\/uploads\/2024\/10\/ept-chipre-768x169.jpg 768w, https:\/\/universodopoker.com.br\/wp-content\/uploads\/2024\/10\/ept-chipre-1536x337.jpg 1536w, https:\/\/universodopoker.com.br\/wp-content\/uploads\/2024\/10\/ept-chipre.jpg 1539w\" sizes=\"(max-width: 1024px) 100vw, 1024px\" \/><\/figure>\n\n\n\n<h1 class=\"wp-block-heading\"><span><i class=\"fas fa-arrow-right\"><\/i><\/span>EPT Cyprus <\/h1>\n\n\n\n<p><strong>Voc\u00ea est\u00e1 pronto para mais poker de classe mundial?<\/strong><\/p>\n\n\n\n<p>O European Poker Tour (EPT) est\u00e1 voltando para Chipre depois do enorme sucesso do evento inaugural em 2023, com tudo, desde grandes m\u00e3os, controv\u00e9rsias no Main Event at\u00e9 tarde da noite e um grupo ecl\u00e9tico de vencedores.<\/p>\n\n\n\n<p>A vers\u00e3o 2024 n\u00e3o ser\u00e1 diferente. Acontecendo no hipnotizante cinco estrelas, Merit Royal Diamond Hotel Casino &amp; Spa, \u00e9 o lugar para voc\u00ea estar se estiver procurando pela emo\u00e7\u00e3o do poker ao vivo nas margens do Mediterr\u00e2neo.<\/p>\n\n\n\n<p>\u00c9 hora de experimentar a a\u00e7\u00e3o quente do EPT Cyprus.<\/p>\n\n\n\n<h2 class=\"wp-block-heading\"><span><i class=\"fas fa-arrow-right\"><\/i><\/span>Datas do Festival: 9 a 20 de outubro de 2024 <\/h2>\n\n\n\n<h2 class=\"wp-block-heading\"><span><i class=\"fas fa-arrow-right\"><\/i><\/span>Local: Merit Royal Diamond Hotel Casino &amp; Spa <\/h2>\n\n\n\n<p><img decoding=\"async\" src=\"https:\/\/cms.rationalcdn.com\/v3\/assets\/blteecf9626d9a38b03\/blt0db2197a4fb2e282\/649c46e97e68bb3eb5abd289\/PSLiveAppRelatedContent.webp\" alt=\"Pegue a programa\u00e7\u00e3o\"><\/p>\n\n\n\n<h3 class=\"wp-block-heading\"><span><i class=\"fas fa-arrow-right\"><\/i><\/span>Pegue a programa\u00e7\u00e3o <\/h3>\n\n\n\n<p>A programa\u00e7\u00e3o completa est\u00e1 dispon\u00edvel agora. Confira&nbsp;<a href=\"https:\/\/www.pokerstarslive.com\/pt-BR\/ept\/cyprus\/schedule\/\">essa p\u00e1gina<\/a>&nbsp;para ficar por dentro de todas as a\u00e7\u00f5es do evento.<img decoding=\"async\" src=\"https:\/\/cms.rationalcdn.com\/v3\/assets\/blteecf9626d9a38b03\/blt782f870d0d7fd0d1\/649c46dd05ac3815a2aebefd\/TravelCategoryHighlightImage.webp\" alt=\"Reserve sua estadia\"><\/p>\n\n\n\n<h3 class=\"wp-block-heading\"><span><i class=\"fas fa-arrow-right\"><\/i><\/span>Reserve sua estadia <\/h3>\n\n\n\n<p>A beleza de Chipre est\u00e1 esperando. Obtenha desconto na hospedagem com a&nbsp;<a href=\"https:\/\/pokerstarstravel.com\/\">PokerStars Travel<\/a>.Principais datas<strong><\/strong><\/p>\n\n\n\n<p><strong>Eureka:<\/strong><\/p>\n\n\n\n<p><strong>Main Event Eureka: 9 a 14 de outubro &#8211; US$ 1.100<\/strong><\/p>\n\n\n\n<p><strong>Eureka Cup: 12 a 13 de outubro &#8211; US$&nbsp;550<\/strong><\/p>\n\n\n\n<p><strong>Eureka High Roller: 13 a 14 de outubro &#8211; US$&nbsp;2.200<\/strong><\/p>\n\n\n\n<p><strong>EPT:<\/strong><\/p>\n\n\n\n<p><strong>EPT Super High Roller: 13 a 15 de outubro &#8211; US$&nbsp;50.000<\/strong><\/p>\n\n\n\n<p><strong>Main Event do EPT: 14 a 20 de outubro &#8211; US$&nbsp;5.300<\/strong><\/p>\n\n\n\n<p><strong>EPT Mystery Bounty: 16 a 18 de outubro &#8211; US$&nbsp;3.000<\/strong><\/p>\n\n\n\n<p><strong>EPT High Roller:&nbsp; 18 a 20 de outubro &#8211; US$&nbsp;10.300<\/strong><\/p>\n\n\n\n<p><\/p>\n\n\n\n<h2 class=\"wp-block-heading\"><span><i class=\"fas fa-arrow-right\"><\/i><\/span>Acompanhe ao Vivo no link abaixo os torneios do EPT &#8211; Chipre pelo Youtube: <\/h2>\n\n\n\n<figure class=\"wp-block-embed is-type-video is-provider-youtube wp-block-embed-youtube wp-embed-aspect-16-9 wp-has-aspect-ratio\"><div class=\"wp-block-embed__wrapper\">\n<iframe title=\"$5.3K Main Event - Dia 5 | EPT Cyprus 2024\" width=\"640\" height=\"360\" src=\"https:\/\/www.youtube.com\/embed\/inLbPNqJgmI?feature=oembed\" frameborder=\"0\" allow=\"accelerometer; autoplay; clipboard-write; encrypted-media; gyroscope; picture-in-picture; web-share\" referrerpolicy=\"strict-origin-when-cross-origin\" allowfullscreen><\/iframe>\n<\/div><\/figure>\n","protected":false},"excerpt":{"rendered":"<p>EPT Cyprus Voc\u00ea est\u00e1 pronto para mais poker de classe mundial? O European Poker Tour&#8230;<\/p>\n","protected":false},"author":1,"featured_media":0,"parent":0,"menu_order":0,"comment_status":"closed","ping_status":"closed","template":"","meta":{"footnotes":""},"class_list":["post-44","page","type-page","status-publish","hentry"],"aioseo_notices":[],"_links":{"self":[{"href":"https:\/\/universodopoker.com.br\/index.php\/wp-json\/wp\/v2\/pages\/44","targetHints":{"allow":["GET"]}}],"collection":[{"href":"https:\/\/universodopoker.com.br\/index.php\/wp-json\/wp\/v2\/pages"}],"about":[{"href":"https:\/\/universodopoker.com.br\/index.php\/wp-json\/wp\/v2\/types\/page"}],"author":[{"embeddable":true,"href":"https:\/\/universodopoker.com.br\/index.php\/wp-json\/wp\/v2\/users\/1"}],"replies":[{"embeddable":true,"href":"https:\/\/universodopoker.com.br\/index.php\/wp-json\/wp\/v2\/comments?post=44"}],"version-history":[{"count":1,"href":"https:\/\/universodopoker.com.br\/index.php\/wp-json\/wp\/v2\/pages\/44\/revisions"}],"predecessor-version":[{"id":46,"href":"https:\/\/universodopoker.com.br\/index.php\/wp-json\/wp\/v2\/pages\/44\/revisions\/46"}],"wp:attachment":[{"href":"https:\/\/universodopoker.com.br\/index.php\/wp-json\/wp\/v2\/media?parent=44"}],"curies":[{"name":"wp","href":"https:\/\/api.w.org\/{rel}","templated":true}]}}