{"id":30,"date":"2024-10-09T18:33:31","date_gmt":"2024-10-09T18:33:31","guid":{"rendered":"https:\/\/universodopoker.com.br\/?page_id=30"},"modified":"2024-10-10T10:57:06","modified_gmt":"2024-10-10T10:57:06","slug":"10-dicas-para-voce-melhorar-o-seu-jogo-de-poker","status":"publish","type":"page","link":"https:\/\/universodopoker.com.br\/index.php\/10-dicas-para-voce-melhorar-o-seu-jogo-de-poker\/","title":{"rendered":"10 Dicas para voc\u00ea melhorar o seu jogo de Poker"},"content":{"rendered":"\n<figure class=\"wp-block-image\"><img decoding=\"async\" src=\"https:\/\/blog.reglife.com.br\/wp-content\/uploads\/2023\/05\/CAPA-3.jpg\" alt=\"\" class=\"wp-image-1669\"\/><\/figure>\n\n\n\n<p>O poker pode parecer um bicho de sete cabe\u00e7as. Express\u00f5es como \u201crange\u201d, \u201cICM\u201d, \u201cEV\u201d, e muitas outras soam como uma nova l\u00edngua e podem at\u00e9 dar uma desanimada em quem est\u00e1 come\u00e7ando.<\/p>\n\n\n\n<p><strong>Se esse \u00e9 o seu caso, calma l\u00e1! N\u00e3o desista antes de ler este texto.&nbsp;&nbsp;<\/strong><\/p>\n\n\n\n<p>\u00c9 um fato que quem deseja ganhar no poker precisa se dedicar aos estudos. Ao contr\u00e1rio do que muitos podem pensar,&nbsp;<strong>o poker n\u00e3o \u00e9 um jogo de sorte, mas de habilidade<\/strong>. E para desenvolver sua habilidade, voc\u00ea PRECISA estudar.&nbsp;<\/p>\n\n\n\n<p>No entanto, o estudo n\u00e3o precisa ser uma parte excruciante da sua vida no poker. Principalmente se o seu objetivo n\u00e3o \u00e9 viver do jogo.<\/p>\n\n\n\n<p>Por isso, nesse post voc\u00ea vai aprender em apenas 10 minutos 10 conceitos com o poder de transformar o jogo de qualquer iniciante.&nbsp;<\/p>\n\n\n\n<p>Imposs\u00edvel voc\u00ea n\u00e3o usar pelo menos uma delas na pr\u00f3xima vez que jogar.&nbsp;<\/p>\n\n\n\n<h2 class=\"wp-block-heading\"><span><i class=\"fas fa-arrow-right\"><\/i><\/span>1. N\u00e3o fique preso na beleza das suas m\u00e3os <\/h2>\n\n\n\n<figure class=\"wp-block-image\"><img decoding=\"async\" src=\"https:\/\/blog.reglife.com.br\/wp-content\/uploads\/2023\/05\/TOPICO-1.jpg\" alt=\"\" class=\"wp-image-1659\"\/><\/figure>\n\n\n\n<p>N\u00e3o importa o qu\u00e3o lindas sejam as cartas que voc\u00ea est\u00e1 segurando. Elas nem sempre formar\u00e3o o jogo mais forte.&nbsp;<\/p>\n\n\n\n<p>Ent\u00e3o, fique atento em como a jogada est\u00e1 acontecendo e \u00e0s apostas de seus oponentes.&nbsp;<\/p>\n\n\n\n<p>Ficar apegado a um JJ ou AK quando o vil\u00e3o j\u00e1 deixou claro que est\u00e1 mais forte \u00e9 coisa de fish (jogador fraco).<strong>&nbsp;<\/strong><\/p>\n\n\n\n<p>Um AK n\u00e3o est\u00e1 soberano em um spot contra o Big Blind com cartas baixas dobradas no board, por exemplo.<\/p>\n\n\n\n<h2 class=\"wp-block-heading\"><span><i class=\"fas fa-arrow-right\"><\/i><\/span>2. Pare de tentar decorar tabelas de ranges <\/h2>\n\n\n\n<figure class=\"wp-block-image\"><img decoding=\"async\" src=\"https:\/\/blog.reglife.com.br\/wp-content\/uploads\/2023\/05\/TOPICO-2.jpg\" alt=\"\" class=\"wp-image-1660\"\/><\/figure>\n\n\n\n<p>No poker, n\u00e3o h\u00e1 como montar uma estrat\u00e9gia que funcione em todos os cen\u00e1rios.&nbsp;<strong>Ent\u00e3o, n\u00e3o dependa de tabelas de ranges.<\/strong>&nbsp;<\/p>\n\n\n\n<p>Elas indicam tend\u00eancias da maioria dos jogadores, e s\u00e3o resultado de c\u00e1lculos em solvers (softwares de estudo) que indicam como ganhar mais fichas em cada cen\u00e1rio.&nbsp;<\/p>\n\n\n\n<p><strong>As tabelas de ranges s\u00e3o guias, mas n\u00e3o uma receita estat\u00edstica que voc\u00ea deve seguir \u00e0 risca.<\/strong>&nbsp;<\/p>\n\n\n\n<p>Isso porque cada cen\u00e1rio \u00e9 \u00fanico, e voc\u00ea precisa compreender as vari\u00e1veis para tomar a melhor decis\u00e3o.&nbsp;<\/p>\n\n\n\n<p>\u00c9 necess\u00e1rio ser flex\u00edvel para saber em quais momentos expandir e jogar mais m\u00e3os do que a teoria, e em que cen\u00e1rios jogar menos m\u00e3os.&nbsp;<\/p>\n\n\n\n<h2 class=\"wp-block-heading\"><span><i class=\"fas fa-arrow-right\"><\/i><\/span>3. Mire em jogadores mais fracos que voc\u00ea <\/h2>\n\n\n\n<figure class=\"wp-block-image\"><img decoding=\"async\" src=\"https:\/\/blog.reglife.com.br\/wp-content\/uploads\/2023\/05\/TOPICO-3.jpg\" alt=\"\" class=\"wp-image-1661\"\/><\/figure>\n\n\n\n<p>Se voc\u00ea quiser ser lucrativo, deixe o ego para l\u00e1 e jogue contra os mais fracos.&nbsp;<\/p>\n\n\n\n<p>O seu lucro vem dos erros que os oponentes cometem, e os regulares erram com menor frequ\u00eancia que os recreativos.&nbsp;<\/p>\n\n\n\n<p>Portanto, s\u00f3 jogue contra regs com m\u00e3os realmente fortes. De resto, foque nos fishes.<\/p>\n\n\n\n<h2 class=\"wp-block-heading\"><span><i class=\"fas fa-arrow-right\"><\/i><\/span>4. Voc\u00ea n\u00e3o tem que blefar sempre <\/h2>\n\n\n\n<figure class=\"wp-block-image\"><img decoding=\"async\" src=\"https:\/\/blog.reglife.com.br\/wp-content\/uploads\/2023\/05\/TOPICO-4.jpg\" alt=\"\" class=\"wp-image-1662\"\/><\/figure>\n\n\n\n<p>Se voc\u00ea acha que precisa blefar o tempo todo, sinto muito mas achou errado.<\/p>\n\n\n\n<p>O seu maior lucro n\u00e3o vem dos blefes, mas sim das suas m\u00e3os fortes.&nbsp;<\/p>\n\n\n\n<p>Blefar jogadores fracos em situa\u00e7\u00f5es desfavor\u00e1veis s\u00f3 te far\u00e1 perder dinheiro. Selecione bem os seus blefes.\u00a0<\/p>\n\n\n\n<h2 class=\"wp-block-heading\"><span><i class=\"fas fa-arrow-right\"><\/i><\/span>5. N\u00e3o coloque o dinheiro acima de tudo <\/h2>\n\n\n\n<figure class=\"wp-block-image\"><img decoding=\"async\" src=\"https:\/\/blog.reglife.com.br\/wp-content\/uploads\/2023\/05\/TOPICO-5.jpg\" alt=\"\" class=\"wp-image-1663\"\/><\/figure>\n\n\n\n<p>No come\u00e7o, voc\u00ea jogar\u00e1 limites baixos e, mesmo ganhando, n\u00e3o far\u00e1 muito dinheiro. Isso pode parecer desanimador, mas essa fase \u00e9 essencial para aprender, ganhar experi\u00eancia e subir de limite.&nbsp;<\/p>\n\n\n\n<p>O poker \u00e9 um jogo de longo prazo. Primeiro voc\u00ea aprende a jogar, depois come\u00e7a a lucrar com o seu conhecimento. Sua dedica\u00e7\u00e3o tem que falar mais alto do que a sua ambi\u00e7\u00e3o financeira.<\/p>\n\n\n\n<p>Focar no bolso ao inv\u00e9s do conhecimento te deixar\u00e1 frustrado e te far\u00e1 abandonar o poker sem conhec\u00ea-lo de verdade.<\/p>\n\n\n\n<p>&nbsp;Lembre-se: sem aprendizado n\u00e3o h\u00e1 evolu\u00e7\u00e3o, e sem evolu\u00e7\u00e3o n\u00e3o h\u00e1 retorno financeiro.&nbsp;<\/p>\n\n\n\n<h2 class=\"wp-block-heading\"><span><i class=\"fas fa-arrow-right\"><\/i><\/span>6. N\u00e3o tenha vergonha de jogar barato <\/h2>\n\n\n\n<figure class=\"wp-block-image\"><img decoding=\"async\" src=\"https:\/\/blog.reglife.com.br\/wp-content\/uploads\/2023\/05\/TOPICO-6.jpg\" alt=\"\" class=\"wp-image-1664\"\/><\/figure>\n\n\n\n<p>De nada adianta entrar em torneios caros, que pagam milh\u00f5es, se voc\u00ea n\u00e3o tem o conhecimento necess\u00e1rio para bater o field (ser melhor que os advers\u00e1rios daquele n\u00edvel).&nbsp;&nbsp;&nbsp;<\/p>\n\n\n\n<p>Seja humilde, jogue os limites baixos. Eles s\u00e3o a base para voc\u00ea ganhar\u00a0experi\u00eancia\u00a0e migrar para os torneios mais caros.\u00a0<\/p>\n\n\n\n<h2 class=\"wp-block-heading\"><span><i class=\"fas fa-arrow-right\"><\/i><\/span>7. Simplifique o seu jogo <\/h2>\n\n\n\n<figure class=\"wp-block-image\"><img decoding=\"async\" src=\"https:\/\/blog.reglife.com.br\/wp-content\/uploads\/2023\/05\/TOPICO-7.jpg\" alt=\"\" class=\"wp-image-1665\"\/><\/figure>\n\n\n\n<p>Tentar pensar \u201co que o solver faria\u201d a cada m\u00e3o torna o grind muito cansativo. N\u00e3o fa\u00e7a isso.&nbsp;<\/p>\n\n\n\n<p>Simplifique o seu jogo, especialmente nos momentos iniciais. Isso te ajudar\u00e1 a economizar energia, que \u00e9 fundamental nas retas finais.\u00a0<\/p>\n\n\n\n<h2 class=\"wp-block-heading\"><span><i class=\"fas fa-arrow-right\"><\/i><\/span>8. Use o seu c\u00e9rebro <\/h2>\n\n\n\n<figure class=\"wp-block-image\"><img decoding=\"async\" src=\"https:\/\/blog.reglife.com.br\/wp-content\/uploads\/2023\/05\/TOPICO-8.jpg\" alt=\"\" class=\"wp-image-1666\"\/><\/figure>\n\n\n\n<p>O Yuri \u201ctheNERDguy\u201d sempre diz que o c\u00e9rebro \u00e9 a nossa arma mais poderosa na mesa de poker. Use o seu!&nbsp;<\/p>\n\n\n\n<p>N\u00e3o se acomode com a facilidade dos solvers para n\u00e3o desacostumar o seu c\u00e9rebro com o racioc\u00ednio l\u00f3gico. Ao inv\u00e9s de s\u00f3 ficar clicando bot\u00f5es, coloque a mente para pensar em como extrair o melhor de cada m\u00e3o.&nbsp;<\/p>\n\n\n\n<p>Tente tomar as melhores decis\u00f5es confiando em sua mente, analise<strong>&nbsp;<\/strong>o comportamento dos seus oponentes e adapte o seu jogo sempre que necess\u00e1rio para aumentar o seu EV em cima de suas falhas.<\/p>\n\n\n\n<p>Para os resultados virem, voc\u00ea precisa pensar. Ent\u00e3o deixa de pregui\u00e7a!&nbsp;<\/p>\n\n\n\n<h2 class=\"wp-block-heading\"><span><i class=\"fas fa-arrow-right\"><\/i><\/span>9. N\u00e3o copie jogadas que voc\u00ea n\u00e3o entende <\/h2>\n\n\n\n<figure class=\"wp-block-image\"><img decoding=\"async\" src=\"https:\/\/blog.reglife.com.br\/wp-content\/uploads\/2023\/05\/TOPICO-9.jpg\" alt=\"\" class=\"wp-image-1667\"\/><\/figure>\n\n\n\n<p>Uma jogada que deu certo pro \u201ctheNERDguy\u201d em uma FT de pr\u00eamio milion\u00e1rio provavelmente n\u00e3o dar\u00e1 certo para voc\u00ea no torneio baratinho do clube da cidade.&nbsp;&nbsp;<\/p>\n\n\n\n<p>Todo spot \u00e9 influenciado por diversas vari\u00e1veis.&nbsp;<\/p>\n\n\n\n<p>Ent\u00e3o, n\u00e3o foque em copiar jogadas, mas em entender o contexto de cada situa\u00e7\u00e3o e fazer o movimento mais lucrativo na situa\u00e7\u00e3o em que voc\u00ea se encontra.&nbsp;<\/p>\n\n\n\n<h2 class=\"wp-block-heading\"><span><i class=\"fas fa-arrow-right\"><\/i><\/span>10. N\u00e3o seja fominha <\/h2>\n\n\n\n<figure class=\"wp-block-image\"><img decoding=\"async\" src=\"https:\/\/blog.reglife.com.br\/wp-content\/uploads\/2023\/05\/TOPICO-10.jpg\" alt=\"\" class=\"wp-image-1668\"\/><\/figure>\n\n\n\n<p>Sabe aquele cara que n\u00e3o sabe largar uma m\u00e3o e vai at\u00e9 o river esperando o seu \u00fanico out bater? N\u00e3o seja ele.<\/p>\n\n\n\n<p>Voc\u00ea n\u00e3o vai ganhar todos os potes, e em alguns cen\u00e1rios a melhor coisa a se fazer \u00e9 desistir da m\u00e3o e seguir em frente.&nbsp;<\/p>\n\n\n\n<p>Ser fominha te faz perder ficha desnecessariamente e te torna um fish na mesa. Jogue sem apego \u00e0s cartas e saiba dar um passo para tr\u00e1s quando necess\u00e1rio.&nbsp;&nbsp;<\/p>\n\n\n\n<p><strong>Muitas vezes, o medo nos impede de dar o primeiro passo em dire\u00e7\u00e3o \u00e0s coisas que gostamos e que podem nos fazer felizes.&nbsp;<\/strong><\/p>\n\n\n\n<p>O prop\u00f3sito deste texto foi mostrar que o estudo do poker n\u00e3o precisa ser uma tortura. Com conceitos bem simples, voc\u00ea aprendeu coisas valiosas que podem mudar o seu jogo.<\/p>\n\n\n\n<p>Como diz o Yuri, a curva de aprendizado de quem est\u00e1 come\u00e7ando \u00e9 muito mais acentuada. Qualquer informa\u00e7\u00e3o valiosa j\u00e1 gera resultados not\u00e1veis no seu jogo.<\/p>\n","protected":false},"excerpt":{"rendered":"<p>O poker pode parecer um bicho de sete cabe\u00e7as. Express\u00f5es como \u201crange\u201d, \u201cICM\u201d, \u201cEV\u201d, e&#8230;<\/p>\n","protected":false},"author":1,"featured_media":0,"parent":0,"menu_order":0,"comment_status":"closed","ping_status":"closed","template":"","meta":{"footnotes":""},"class_list":["post-30","page","type-page","status-publish","hentry"],"aioseo_notices":[],"_links":{"self":[{"href":"https:\/\/universodopoker.com.br\/index.php\/wp-json\/wp\/v2\/pages\/30","targetHints":{"allow":["GET"]}}],"collection":[{"href":"https:\/\/universodopoker.com.br\/index.php\/wp-json\/wp\/v2\/pages"}],"about":[{"href":"https:\/\/universodopoker.com.br\/index.php\/wp-json\/wp\/v2\/types\/page"}],"author":[{"embeddable":true,"href":"https:\/\/universodopoker.com.br\/index.php\/wp-json\/wp\/v2\/users\/1"}],"replies":[{"embeddable":true,"href":"https:\/\/universodopoker.com.br\/index.php\/wp-json\/wp\/v2\/comments?post=30"}],"version-history":[{"count":2,"href":"https:\/\/universodopoker.com.br\/index.php\/wp-json\/wp\/v2\/pages\/30\/revisions"}],"predecessor-version":[{"id":42,"href":"https:\/\/universodopoker.com.br\/index.php\/wp-json\/wp\/v2\/pages\/30\/revisions\/42"}],"wp:attachment":[{"href":"https:\/\/universodopoker.com.br\/index.php\/wp-json\/wp\/v2\/media?parent=30"}],"curies":[{"name":"wp","href":"https:\/\/api.w.org\/{rel}","templated":true}]}}