{"id":27,"date":"2024-10-09T17:30:15","date_gmt":"2024-10-09T17:30:15","guid":{"rendered":"https:\/\/universodopoker.com.br\/?page_id=27"},"modified":"2024-10-09T17:30:15","modified_gmt":"2024-10-09T17:30:15","slug":"entenda-porque-o-poker-esta-crescendo-no-brasil","status":"publish","type":"page","link":"https:\/\/universodopoker.com.br\/index.php\/entenda-porque-o-poker-esta-crescendo-no-brasil\/","title":{"rendered":"Entenda porque o Poker est\u00e1 crescendo no Brasil?"},"content":{"rendered":"\n<p>Poker que hoje \u00e9 considerado um esporte, e cada vez mais ganha popularidade no Brasil.<\/p>\n\n\n\n<p>Acredita-se que o Poker seja resultado da evolu\u00e7\u00e3o de alguns jogos antigos dos povos Chin\u00eas e Persa. A vers\u00e3o mais parecida com a atual, surgiu no s\u00e9culo XVII, na Fran\u00e7a. O jogo atravessou o Atl\u00e2ntico com um grupo de colonizadores franceses, respons\u00e1veis por fundar a Nova Orleans. A partir da\u00ed, a modalidade se espalhou pelo Mississipi e ganhou notoriedade nos Estados Unidos do s\u00e9culo XIX.<\/p>\n\n\n\n<figure class=\"wp-block-image size-large\"><img fetchpriority=\"high\" decoding=\"async\" width=\"1024\" height=\"402\" src=\"https:\/\/universodopoker.com.br\/wp-content\/uploads\/2024\/10\/poker-background-1024x402.jpg\" alt=\"\" class=\"wp-image-28\" srcset=\"https:\/\/universodopoker.com.br\/wp-content\/uploads\/2024\/10\/poker-background-1024x402.jpg 1024w, https:\/\/universodopoker.com.br\/wp-content\/uploads\/2024\/10\/poker-background-300x118.jpg 300w, https:\/\/universodopoker.com.br\/wp-content\/uploads\/2024\/10\/poker-background-768x302.jpg 768w, https:\/\/universodopoker.com.br\/wp-content\/uploads\/2024\/10\/poker-background.jpg 1245w\" sizes=\"(max-width: 1024px) 100vw, 1024px\" \/><\/figure>\n\n\n\n<p>Desde ent\u00e3o, o esporte cresceu e hoje conta com uma enorme estrutura. No Brasil, a pr\u00e1tica vem crescendo e ganhando for\u00e7a, principalmente, ap\u00f3s os \u00f3timos resultados de alguns brasileiros em torneios internacionais. Os tr\u00eas atletas de maior destaque s\u00e3o:<\/p>\n\n\n\n<p>1 &#8211; Felipe Mojave<\/p>\n\n\n\n<p>Felipe foi o jogador que mais participou do circuito mundial, disputando torneios com buy-in (quantia que um jogador deve pagar pra entrar no jogo) superior a US$ 100 mil e ficando em quinto lugar no evento do Caribbean Poker Party, em Punta Cana, 2017.<\/p>\n\n\n\n<p>2 &#8211; Andr\u00e9 Akkari<\/p>\n\n\n\n<p>Andr\u00e9 conquistou a incr\u00edvel marca de US$ 2 milh\u00f5es em pr\u00eamios ao vivo, al\u00e9m de seu primeiro t\u00edtulo em um evento da BSOP (uma s\u00e9rie de torneios de Poker realizada no Brasil desde 2006) e o quinto lugar no PokerStars Championship em Barcelona, 2017.<\/p>\n\n\n\n<p>3 &#8211; Rafael Moraes<\/p>\n\n\n\n<p>Rafael conquistou o 11\u00ba no PokerStars Championship Panam\u00e1, venceu o Super High Roller da WSOP Brazil e a mesa final do Bellagio Cup, valendo US$ 10.400.<\/p>\n\n\n\n<p>A pr\u00e1tica do Poker como ferramenta para evolu\u00e7\u00e3o da mente<\/p>\n\n\n\n<p>O Poker \u00e9 um esporte que utiliza muito o racioc\u00ednio matem\u00e1tico, financeiro, anal\u00edtico e observador. Talvez por isso, ganhe cada vez mais adeptos. Algumas li\u00e7\u00f5es do jogo podem e devem ser aplicadas na vida. Dentre elas est\u00e3o:<\/p>\n\n\n\n<p>Intelig\u00eancia financeira: assim como na Bolsa de Valores, onde a queda no valor das a\u00e7\u00f5es de uma empresa prejudica o bolso do investidor, o Poker tem seus dias de baixas. \u00c9 preciso intelig\u00eancia para entender que o fator aleat\u00f3rio existe e que algumas surpresas podem surgir. Nesse momento, o jogador deve manter a racionalidade e analisar se continua investindo (jogando) ou aguarda por mais um dia de &#8220;alta na bolsa&#8221;.<\/p>\n\n\n\n<p>An\u00e1lise de pessoas: numa mesa de Poker, acontecem diversas jogadas &#8220;n\u00e3o faladas&#8221; &#8211; os famosos blefes (aposta ou aumento em posse de uma m\u00e3o fraca ou nula, na esperan\u00e7a de que os jogadores ativos remanescentes corram do jogo) e as diversas tentativas de induzir o oponente ao erro, seja fingindo estar com um bom jogo ou com uma m\u00e3o ruim ou tentando n\u00e3o expressar nenhum tipo de emo\u00e7\u00e3o. Essa \u00e9 uma boa forma de conhecer mais sobre a nossa linguagem corporal e, com o tempo, ter a capacidade de analisar pessoas que estejam mentindo ou tentando manipular.<\/p>\n\n\n\n<p>Aprender a perder: no jogo de Poker, n\u00e3o \u00e9 raro que em alguns dias voc\u00ea mais perca do que ganhe. Mas como em tudo na vida, \u00e9 preciso aprender a lidar com a din\u00e2mica do jogo. Os dias de vit\u00f3ria existem e \u00e9 poss\u00edvel que compensem os dias n\u00e3o t\u00e3o bem-sucedidos.<\/p>\n\n\n\n<figure class=\"wp-block-embed\"><div class=\"wp-block-embed__wrapper\">\nhttps:\/\/www.terra.com.br\/noticias\/dino\/por-que-o-poker-esta-ganhando-tantos-adeptos,757534f9f85d4b5955331fe6686f4f36w159coa5.html?utm_source=clipboard\n<\/div><\/figure>\n","protected":false},"excerpt":{"rendered":"<p>Poker que hoje \u00e9 considerado um esporte, e cada vez mais ganha popularidade no Brasil&#8230;.<\/p>\n","protected":false},"author":1,"featured_media":0,"parent":0,"menu_order":0,"comment_status":"closed","ping_status":"closed","template":"","meta":{"footnotes":""},"class_list":["post-27","page","type-page","status-publish","hentry"],"aioseo_notices":[],"_links":{"self":[{"href":"https:\/\/universodopoker.com.br\/index.php\/wp-json\/wp\/v2\/pages\/27","targetHints":{"allow":["GET"]}}],"collection":[{"href":"https:\/\/universodopoker.com.br\/index.php\/wp-json\/wp\/v2\/pages"}],"about":[{"href":"https:\/\/universodopoker.com.br\/index.php\/wp-json\/wp\/v2\/types\/page"}],"author":[{"embeddable":true,"href":"https:\/\/universodopoker.com.br\/index.php\/wp-json\/wp\/v2\/users\/1"}],"replies":[{"embeddable":true,"href":"https:\/\/universodopoker.com.br\/index.php\/wp-json\/wp\/v2\/comments?post=27"}],"version-history":[{"count":1,"href":"https:\/\/universodopoker.com.br\/index.php\/wp-json\/wp\/v2\/pages\/27\/revisions"}],"predecessor-version":[{"id":29,"href":"https:\/\/universodopoker.com.br\/index.php\/wp-json\/wp\/v2\/pages\/27\/revisions\/29"}],"wp:attachment":[{"href":"https:\/\/universodopoker.com.br\/index.php\/wp-json\/wp\/v2\/media?parent=27"}],"curies":[{"name":"wp","href":"https:\/\/api.w.org\/{rel}","templated":true}]}}